{"id":10,"date":"2016-10-13T19:35:35","date_gmt":"2016-10-13T17:35:35","guid":{"rendered":"http:\/\/www.consult-it.at\/?page_id=10"},"modified":"2025-02-10T05:25:32","modified_gmt":"2025-02-10T04:25:32","slug":"referenzen","status":"publish","type":"page","link":"https:\/\/www.consult-it.at\/?page_id=10","title":{"rendered":"Referenzen"},"content":{"rendered":"\n<p class=\"has-text-color\" style=\"color:#18286e\"><span style=\"color: #18286e;\">Zufriedene Kunden und Organisationen sind die beste Empfehlung. <\/span><\/p>\n\n\n\n<p class=\"has-text-color\" style=\"color:#18286e\"><span style=\"color: #18286e;\">Wir haben verschiedene Projekte und langfristige Partnerschaften auf die wir z\u00e4hlen k\u00f6nnen.&nbsp; Einige davon sind:<\/span><\/p>\n\n\n\n<h3 class=\"wp-block-heading\"><span style=\"color: #18286e;\"><span style=\"color: #ffffff;\">.<\/span><\/span><\/h3>\n\n\n\n<h3 class=\"wp-block-heading has-text-color\" style=\"color:#18286e\"><span style=\"color: #18286e;\">Aufschnaiter Interior<img loading=\"lazy\" decoding=\"async\" width=\"100\" height=\"84\" class=\"alignright wp-image-547\" style=\"width: 100px;\" src=\"https:\/\/www.consult-it.at\/wp-content\/uploads\/2022\/08\/Aufschnaiter-e1684595283409.png\" alt=\"\"><\/span><\/h3>\n\n\n\n<p class=\"has-text-color\" style=\"color:#18286e\"><span style=\"color: #18286e;\">Prozessoptimierung und Digitalisierung der Wertsch\u00f6pfungskette, Reporting und Projektleitung<\/span><br><span style=\"color: #18286e;\"><a style=\"color: #18286e;\" href=\"https:\/\/www.aufschnaiter.com\" target=\"_blank\" rel=\"noopener\">www.aufschnaiter.com<\/a><\/span><\/p>\n\n\n\n<p><span style=\"color: #ffffff;\">.<\/span><\/p>\n\n\n\n<p><span style=\"color: #ffffff;\">.<\/span><\/p>\n\n\n\n<h3 class=\"wp-block-heading has-text-color\" style=\"color:#18286e\"><span style=\"color: #18286e;\">BAUSTOFF + METALL<img loading=\"lazy\" decoding=\"async\" width=\"120\" height=\"42\" class=\"wp-image-659 size-full alignright\" src=\"https:\/\/www.consult-it.at\/wp-content\/uploads\/2023\/05\/BM-e1684595663659.jpg\" alt=\"\" style=\"width: 120px;\"><\/span><\/h3>\n\n\n\n<p class=\"has-text-color\" style=\"color:#18286e\"><span style=\"color: #18286e;\">Begleitung einer Internationalen ERP Ausschreibung, Projektleitung f\u00fcr ERP Rollout in mehreren EU L\u00e4ndern<br><\/span><span style=\"color: #18286e;\"><a style=\"color: #18286e;\" href=\"https:\/\/www.baustoff-metall.com\/\" target=\"_blank\" rel=\"noopener\">www.baustoff-metall.com<\/a><\/span><\/p>\n\n\n\n<p><span style=\"color: #ffffff;\">.<\/span><\/p>\n\n\n\n<p><span style=\"color: #ffffff;\">.<\/span><\/p>\n\n\n\n<h3 class=\"wp-block-heading has-text-color\" style=\"color:#18286e\"><span style=\"color: #18286e;\">Cardbox Packaging<img loading=\"lazy\" decoding=\"async\" width=\"120\" height=\"42\" class=\"alignright wp-image-548 size-full\" src=\"https:\/\/www.consult-it.at\/wp-content\/uploads\/2022\/08\/cardbox.png\" alt=\"\" style=\"width: 120px;\"><\/span><\/h3>\n\n\n\n<p class=\"has-text-color has-link-color wp-elements-1b34146b8d6c55256045440dcfbf8a1a\" style=\"color:#18286e\"><span style=\"color: #18286e;\">Verantwortung und Koordination der gruppenweiten IT Agenden<\/span><br><span style=\"color: #18286e;\">Umsetzen der&nbsp; IT Strategie und weitere Optimierungen und Standardisierung<\/span><br><a href=\"http:\/\/www.cardbox-packaging.com\" target=\"_blank\" rel=\"noreferrer noopener\">www.cardbox-packaging.com<\/a><\/p>\n\n\n\n<p><span style=\"color: #ffffff;\">.<\/span><\/p>\n\n\n\n<p><span style=\"color: #ffffff;\">.<\/span><\/p>\n\n\n\n<h3 class=\"wp-block-heading has-text-color\" style=\"color:#18286e\"><span style=\"color: #18286e;\">MEISSL<img loading=\"lazy\" decoding=\"async\" width=\"120\" height=\"49\" class=\"alignright wp-image-714 size-full\" src=\"https:\/\/www.consult-it.at\/wp-content\/uploads\/2023\/05\/meissl-e1684772832882.png\" alt=\"\" style=\"width: 120px;\"><\/span><\/h3>\n\n\n\n<p class=\"has-text-color\" style=\"color:#18286e\"><span style=\"color: #18286e;\">Koordination der ERP Einf\u00fchrung<\/span>, Prozessberatung, Reporting<br><span style=\"color: #18286e;\">Umsetzen der&nbsp; IT Strategie und weitere Optimierungen und Standardisierung<br><\/span><a href=\"https:\/\/www.meissl.com\" target=\"_blank\" rel=\"noopener\"><span style=\"color: #18286e;\">www.meissl.com<\/span><\/a><\/p>\n\n\n\n<p><span style=\"color: #ffffff;\">.<\/span><\/p>\n\n\n\n<p><span style=\"color: #ffffff;\">.<\/span><\/p>\n\n\n\n<h3 class=\"wp-block-heading has-text-color\" style=\"color:#18286e\"><span style=\"color: #18286e;\">SERVICE &amp; MORE<img loading=\"lazy\" decoding=\"async\" width=\"120\" height=\"25\" class=\"alignright wp-image-665\" src=\"https:\/\/www.consult-it.at\/wp-content\/uploads\/2023\/05\/Logo_S_M.png\" alt=\"\" style=\"width: 120px;\" srcset=\"https:\/\/www.consult-it.at\/wp-content\/uploads\/2023\/05\/Logo_S_M.png 355w, https:\/\/www.consult-it.at\/wp-content\/uploads\/2023\/05\/Logo_S_M-300x63.png 300w\" sizes=\"auto, (max-width: 120px) 100vw, 120px\" \/><\/span><\/h3>\n\n\n\n<p class=\"has-text-color\" style=\"color:#18286e\"><span style=\"color: #18286e;\">Programmverantwortung f\u00fcr H\u00e4ndler\/Lieferantenportal, CRM, DAM,<br>Power Plattform; Projektleitung, Prozessoptimierung<br><\/span><span style=\"color: #18286e;\"><a style=\"color: #18286e;\" href=\"http:\/\/www.serviceandmore.at\" target=\"_blank\" rel=\"noopener\">www.serviceandmore.at<\/a><\/span><\/p>\n\n\n\n<p><span style=\"color: #ffffff;\">.<\/span><\/p>\n\n\n\n<p><span style=\"color: #ffffff;\">.<\/span><\/p>\n\n\n\n<h3 class=\"wp-block-heading has-text-color\" style=\"color:#18286e\"><span style=\"color: #18286e;\">ROMOLD<img loading=\"lazy\" decoding=\"async\" width=\"120\" height=\"68\" class=\"alignright wp-image-558\" src=\"https:\/\/www.consult-it.at\/wp-content\/uploads\/2022\/08\/romold-e1684600003958.png\" alt=\"\" style=\"width: 120px;\"><\/span><\/h3>\n\n\n\n<p class=\"has-text-color\" style=\"color:#18286e\"><span style=\"color: #18286e;\">Prozessoptimierung und Digitalisierung der Wertsch\u00f6pfungskette, PPS, Eingangsrechnungsworkflow<\/span><br><span style=\"color: #18286e;\"><a style=\"color: #18286e;\" href=\"https:\/\/www.romold.de\" target=\"_blank\" rel=\"noopener\">www.romold.de<\/a><\/span><\/p>\n\n\n\n<p><span style=\"color: #ffffff;\">.<\/span><\/p>\n\n\n\n<p><span style=\"color: #ffffff;\">.<\/span><\/p>\n\n\n\n<h3 class=\"wp-block-heading has-text-color\" style=\"color:#18286e\"><span style=\"color: #18286e;\">KTM TECHNOLOGIES<img loading=\"lazy\" decoding=\"async\" width=\"120\" height=\"24\" class=\"alignright wp-image-676 size-full\" src=\"https:\/\/www.consult-it.at\/wp-content\/uploads\/2023\/05\/KTM_T-e1684597295729.jpeg\" alt=\"\" style=\"width: 120px;\" srcset=\"https:\/\/www.consult-it.at\/wp-content\/uploads\/2023\/05\/KTM_T-e1684597295729.jpeg 388w, https:\/\/www.consult-it.at\/wp-content\/uploads\/2023\/05\/KTM_T-e1684597295729-300x60.jpeg 300w\" sizes=\"auto, (max-width: 120px) 100vw, 120px\" \/><\/span><\/h3>\n\n\n\n<p class=\"has-text-color\" style=\"color:#18286e\"><span style=\"color: #18286e;\">Unterst\u00fctzung bei der Softwarestrategie f\u00fcr ein integriertes System. Anforderungsanalyse, Shortlisting, Pr\u00e4sentation, Entscheidungsunterst\u00fctzung, Vertragsgestaltung<\/span><br><a href=\"https:\/\/www.ktm-technologies.com\" target=\"_blank\" rel=\"noopener\"><span style=\"color: #18286e;\">www.ktm-technologies.com<\/span><\/a><\/p>\n\n\n\n<p><span style=\"color: #ffffff;\">.<\/span><\/p>\n\n\n\n<p><span style=\"color: #ffffff;\">.<\/span><\/p>\n\n\n\n<h3 class=\"wp-block-heading has-text-color\" style=\"color:#18286e\"><span style=\"color: #18286e;\"><span style=\"font-size: 1.25rem;\"><img loading=\"lazy\" decoding=\"async\" width=\"120\" height=\"28\" class=\"alignright wp-image-679\" src=\"https:\/\/www.consult-it.at\/wp-content\/uploads\/2023\/05\/skidata-e1684597634947.png\" alt=\"\" style=\"width: 120px;\">SKIDATA<\/span><\/span><\/h3>\n\n\n\n<p class=\"has-text-color\" style=\"color:#18286e\"><span style=\"color: #18286e;\">Interimsmanagement als Verantwortlicher der gruppenweiten IT Agenden<\/span>, Projektmanager<br><span style=\"color: #18286e;\">Optimierungsprojekte im Bereich ERP, Office 365, Service- und Kosten<br><\/span><a href=\"https:\/\/www.skidata.com\" target=\"_blank\" rel=\"noopener\"><span style=\"color: #18286e;\">www.skidata.com<\/span><\/a><\/p>\n\n\n\n<p><span style=\"color: #ffffff;\">.<\/span><\/p>\n\n\n\n<p><span style=\"color: #ffffff;\">.<\/span><\/p>\n\n\n\n<h3 class=\"wp-block-heading has-text-color\" style=\"color:#18286e\"><span style=\"color: #18286e;\">KISKA<img loading=\"lazy\" decoding=\"async\" width=\"120\" height=\"52\" class=\"alignright wp-image-562\" src=\"https:\/\/www.consult-it.at\/wp-content\/uploads\/2022\/08\/kiska-logo-e1684599775527.png\" alt=\"\" style=\"width: 120px;\"><\/span><\/h3>\n\n\n\n<p class=\"has-text-color\" style=\"color:#18286e\"><span style=\"color: #18286e;\">Consulting, Betriebsf\u00fchrung, Leitung IT, Einf\u00fchrung CRM, CORE (Projektkalkulation), MS Project, Digital Asset Management, Reisekosten, Projektmanagement, Intranet, Mobile Device Management,..<\/span><br><span style=\"color: #18286e;\"><a style=\"color: #18286e;\" href=\"http:\/\/www.kiska.com\" target=\"_blank\" rel=\"noopener\">www.kiska.com<\/a><\/span><\/p>\n\n\n\n<p><span style=\"color: #ffffff;\">.<\/span><\/p>\n\n\n\n<p><span style=\"color: #ffffff;\">.<\/span><\/p>\n\n\n\n<h3 class=\"wp-block-heading has-text-color\" style=\"color:#18286e\"><span style=\"color: #18286e;\">Fachhochschule Salzburg<img loading=\"lazy\" decoding=\"async\" width=\"100\" height=\"88\" class=\"alignright wp-image-709 size-full\" src=\"https:\/\/www.consult-it.at\/wp-content\/uploads\/2023\/05\/FH-e1684601463752.png\" alt=\"\" style=\"width: 100px;\"><\/span><\/h3>\n\n\n\n<p class=\"has-text-color\" style=\"color:#18286e\"><span style=\"color: #18286e;\">externer Lehrbeauftragter im Master Studiengang Informationstechnik und Systemmanagement sowie im Studiengang Wirtschaftsinformatik<\/span> bis 2024<br><span style=\"color: #18286e;\"><a style=\"color: #18286e;\" href=\"https:\/\/www.fh-salzburg.ac.at\/\">www.fh-salzburg.ac.at<\/a><\/span><\/p>\n\n\n\n<p><span style=\"color: #ffffff;\">.<\/span><\/p>\n\n\n\n<p><span style=\"color: #ffffff;\">.<\/span><\/p>\n\n\n\n<h3 class=\"wp-block-heading has-text-color\" style=\"color:#18286e\"><span style=\"color: #18286e;\">Wirtschaftskammer Salzburg | Startup Salzburg<img loading=\"lazy\" decoding=\"async\" width=\"120\" height=\"40\" class=\"alignright wp-image-661 size-full\" src=\"https:\/\/www.consult-it.at\/wp-content\/uploads\/2023\/05\/WKS-e1684595604596.png\" alt=\"\" style=\"width: 120px;\"><\/span><\/h3>\n\n\n\n<p class=\"has-text-color\" style=\"color:#18286e\"><span style=\"color: #18286e;\">Coaching, Vortragende und Mentoren f\u00fcr Gr\u00fcnder, EPU&#8217;s und Junge Wirtschaft<br><\/span><span style=\"color: #18286e;\"><a style=\"color: #18286e;\" href=\"http:\/\/www.gruenderservice.at\">www.gruenderservice.at,&nbsp;<\/a><\/span><span style=\"color: #18286e;\"><a style=\"color: #18286e;\" href=\"http:\/\/www.startup-salzburg.at\/\">www.startup-salzburg.at<\/a><\/span><\/p>\n","protected":false},"excerpt":{"rendered":"<p>Zufriedene Kunden und Organisationen sind die beste Empfehlung. Wir haben verschiedene Projekte und langfristige Partnerschaften auf die wir z\u00e4hlen k\u00f6nnen.&nbsp; Einige davon sind: . Aufschnaiter Interior Prozessoptimierung und Digitalisierung der &#8230;<\/p>\n","protected":false},"author":1,"featured_media":0,"parent":0,"menu_order":8,"comment_status":"closed","ping_status":"closed","template":"","meta":{"footnotes":""},"class_list":["post-10","page","type-page","status-publish","hentry"],"_links":{"self":[{"href":"https:\/\/www.consult-it.at\/index.php?rest_route=\/wp\/v2\/pages\/10","targetHints":{"allow":["GET"]}}],"collection":[{"href":"https:\/\/www.consult-it.at\/index.php?rest_route=\/wp\/v2\/pages"}],"about":[{"href":"https:\/\/www.consult-it.at\/index.php?rest_route=\/wp\/v2\/types\/page"}],"author":[{"embeddable":true,"href":"https:\/\/www.consult-it.at\/index.php?rest_route=\/wp\/v2\/users\/1"}],"replies":[{"embeddable":true,"href":"https:\/\/www.consult-it.at\/index.php?rest_route=%2Fwp%2Fv2%2Fcomments&post=10"}],"version-history":[{"count":64,"href":"https:\/\/www.consult-it.at\/index.php?rest_route=\/wp\/v2\/pages\/10\/revisions"}],"predecessor-version":[{"id":1073,"href":"https:\/\/www.consult-it.at\/index.php?rest_route=\/wp\/v2\/pages\/10\/revisions\/1073"}],"wp:attachment":[{"href":"https:\/\/www.consult-it.at\/index.php?rest_route=%2Fwp%2Fv2%2Fmedia&parent=10"}],"curies":[{"name":"wp","href":"https:\/\/api.w.org\/{rel}","templated":true}]}}