{"id":762,"date":"2023-06-30T20:39:02","date_gmt":"2023-06-30T18:39:02","guid":{"rendered":"https:\/\/www.consult-it.at\/?page_id=762"},"modified":"2025-10-28T07:27:04","modified_gmt":"2025-10-28T06:27:04","slug":"unser-ansatz","status":"publish","type":"page","link":"https:\/\/www.consult-it.at\/?page_id=762","title":{"rendered":"Ansatz"},"content":{"rendered":"\n<p class=\"has-text-align-center has-text-color\" style=\"color:#18286e\">&#8220; <strong>Ein Miteinander der drei wesentlichen Beratungsdimensionen<\/strong> &#8211; Mensch | Prozess | Technologie&#8220; <\/p>\n\n\n\n<p><\/p>\n\n\n<div class=\"wp-block-image\">\n<figure class=\"aligncenter size-full is-resized\"><img loading=\"lazy\" decoding=\"async\" width=\"1024\" height=\"953\" src=\"https:\/\/www.consult-it.at\/wp-content\/uploads\/2023\/06\/CIT-Ansatz-Diagramm-1024x953-1.png\" alt=\"\" class=\"wp-image-753\" style=\"width:512px;height:477px\" srcset=\"https:\/\/www.consult-it.at\/wp-content\/uploads\/2023\/06\/CIT-Ansatz-Diagramm-1024x953-1.png 1024w, https:\/\/www.consult-it.at\/wp-content\/uploads\/2023\/06\/CIT-Ansatz-Diagramm-1024x953-1-300x279.png 300w, https:\/\/www.consult-it.at\/wp-content\/uploads\/2023\/06\/CIT-Ansatz-Diagramm-1024x953-1-768x715.png 768w\" sizes=\"auto, (max-width: 1024px) 100vw, 1024px\" \/><\/figure>\n<\/div>\n\n\n<p><\/p>\n\n\n\n<h3 class=\"wp-block-heading has-text-align-center has-text-color\" style=\"color:#18286e\">1. Menschen<\/h3>\n\n\n\n<p class=\"has-text-align-center has-text-color\" style=\"color:#18286e\">Wir f\u00fchren Interviews &amp; Analysen um die Bed\u00fcrfnisse der Menschen zu verstehen<\/p>\n\n\n\n<p class=\"has-text-align-center has-text-color\" style=\"color:#18286e\">Wir ber\u00fccksichtigen der St\u00e4rken &amp; Schw\u00e4chen der Benutzer<\/p>\n\n\n\n<p class=\"has-text-align-center has-text-color\" style=\"color:#18286e\">Wir pflegen ein empathisches &amp; ehrliches Miteinander<\/p>\n\n\n\n<p class=\"has-text-align-center has-text-color\" style=\"color:#18286e\">Wir f\u00fchren eine transparente &amp; offene Kommunikation<\/p>\n\n\n\n<hr class=\"wp-block-separator has-text-color has-white-color has-alpha-channel-opacity has-white-background-color has-background is-style-wide\"\/>\n\n\n\n<h3 class=\"wp-block-heading has-text-align-center has-text-color\" style=\"color:#18286e\">2. Prozesse<\/h3>\n\n\n\n<p class=\"has-text-align-center has-text-color\" style=\"color:#18286e\">Wir haben langj\u00e4hrige Erfahrung und ein tiefes Verst\u00e4ndnis von wertsch\u00f6pfenden Prozessen aus mehr als 35 ERP Projekten in verschiedenen Branchen<\/p>\n\n\n\n<p class=\"has-text-align-center has-text-color\" style=\"color:#18286e\">Wir haben internationale Rollouts in 15 L\u00e4ndern begleitet<\/p>\n\n\n\n<p class=\"has-text-align-center has-text-color\" style=\"color:#18286e\">Wir sind flexibel beim Einsatz und der Anwendung von Projektmanagement Methodik (Agil, Scrum, Wasserfall)<\/p>\n\n\n\n<p class=\"has-text-align-center has-text-color\" style=\"color:#18286e\">Wir empfehlen immer eine Prozessoptimierung vor einer Digitalisierung<\/p>\n\n\n\n<p class=\"has-text-align-center has-text-color\" style=\"color:#18286e\">Wir agieren ziel-und ergebnisorientiert statt kompliziert<\/p>\n\n\n\n<p class=\"has-text-align-center has-text-color\" style=\"color:#18286e\">Wir sind Spezialisten beim Entwicklung multinationaler ERP Konzepte<\/p>\n\n\n\n<hr class=\"wp-block-separator has-text-color has-white-color has-alpha-channel-opacity has-white-background-color has-background is-style-wide\"\/>\n\n\n\n<h3 class=\"wp-block-heading has-text-align-center has-text-color\" style=\"color:#18286e\">3. Technologie<\/h3>\n\n\n\n<p class=\"has-text-align-center has-text-color\" style=\"color:#18286e\">Unser Fokus liegt auf der Beratung der gsamten Wertsch\u00f6pfungskette mit ERP L\u00f6sungen wie z.B. SAP und Microsoft Dynamics 365 ( FSCM + CRM) sowie odoo<\/p>\n\n\n\n<p class=\"has-text-align-center has-text-color\" style=\"color:#18286e\">Ebenso haben wir reichlich Erfahrung in Umsetzungsprojekten mit Microsoft AX 2012&nbsp; und Microsoft Business Central<\/p>\n\n\n\n<p class=\"has-text-align-center has-text-color\" style=\"color:#18286e\">Neben Hardware, Infrastruktur und Netzwerk sind wir auch im Bereich Microsoft 365 Power Plattform kompetent<\/p>\n\n\n\n<p class=\"has-text-align-center has-text-color\" style=\"color:#18286e\">Abrundung des Werkzeugkastens f\u00fcr Reporting liefert Microsoft Power BI<\/p>\n","protected":false},"excerpt":{"rendered":"<p>&#8220; Ein Miteinander der drei wesentlichen Beratungsdimensionen &#8211; Mensch | Prozess | Technologie&#8220; 1. Menschen Wir f\u00fchren Interviews &amp; Analysen um die Bed\u00fcrfnisse der Menschen zu verstehen Wir ber\u00fccksichtigen der &#8230;<\/p>\n","protected":false},"author":1,"featured_media":0,"parent":0,"menu_order":0,"comment_status":"closed","ping_status":"closed","template":"","meta":{"footnotes":""},"class_list":["post-762","page","type-page","status-publish","hentry"],"_links":{"self":[{"href":"https:\/\/www.consult-it.at\/index.php?rest_route=\/wp\/v2\/pages\/762","targetHints":{"allow":["GET"]}}],"collection":[{"href":"https:\/\/www.consult-it.at\/index.php?rest_route=\/wp\/v2\/pages"}],"about":[{"href":"https:\/\/www.consult-it.at\/index.php?rest_route=\/wp\/v2\/types\/page"}],"author":[{"embeddable":true,"href":"https:\/\/www.consult-it.at\/index.php?rest_route=\/wp\/v2\/users\/1"}],"replies":[{"embeddable":true,"href":"https:\/\/www.consult-it.at\/index.php?rest_route=%2Fwp%2Fv2%2Fcomments&post=762"}],"version-history":[{"count":11,"href":"https:\/\/www.consult-it.at\/index.php?rest_route=\/wp\/v2\/pages\/762\/revisions"}],"predecessor-version":[{"id":1087,"href":"https:\/\/www.consult-it.at\/index.php?rest_route=\/wp\/v2\/pages\/762\/revisions\/1087"}],"wp:attachment":[{"href":"https:\/\/www.consult-it.at\/index.php?rest_route=%2Fwp%2Fv2%2Fmedia&parent=762"}],"curies":[{"name":"wp","href":"https:\/\/api.w.org\/{rel}","templated":true}]}}