{"id":8,"date":"2016-10-13T19:35:26","date_gmt":"2016-10-13T17:35:26","guid":{"rendered":"http:\/\/www.consult-it.at\/?page_id=8"},"modified":"2025-10-28T07:30:55","modified_gmt":"2025-10-28T06:30:55","slug":"leistungen","status":"publish","type":"page","link":"https:\/\/www.consult-it.at\/?page_id=8","title":{"rendered":"Leistungen"},"content":{"rendered":"\n<h3 class=\"wp-block-heading\">&nbsp;<\/h3>\n\n\n\n<p class=\"has-text-align-center has-text-color\" style=\"color:#18286e\"><\/p>\n\n\n\n<p class=\"has-text-align-center has-text-color\" style=\"color:#18286e\"><span style=\"color: #18286e;\">CONSULT-IT ber\u00e4t \u00fcbergreifend und produktunabh\u00e4ngig in allen wichtigen Bereichen der IT.<\/span><br><span style=\"color: #18286e;\">So k\u00f6nnen wir gemeinsam mit Ihnen passende L\u00f6sungen entwerfen (planen), entwickeln (bauen) und umsetzen (betreiben).<\/span><\/p>\n\n\n\n<p class=\"has-text-align-center has-text-color\" style=\"color:#18286e\"><span style=\"color: #18286e;\">In folgenden Bereichen bieten wir Beratungsleistungen an:<\/span><\/p>\n\n\n\n<hr class=\"wp-block-separator has-text-color has-white-color has-alpha-channel-opacity has-white-background-color has-background is-style-wide\"\/>\n\n\n\n<h4 class=\"wp-block-heading has-text-align-center\"><span style=\"color: #18286e;\">IT Strategie- und Digitalisierungsberatung<\/span><\/h4>\n\n\n\n<p class=\"has-text-align-center has-text-color\" style=\"color:#18286e\">Erstellen einer Digitalisierungslandkarte f\u00fcr Ihr Unternehmen<\/p>\n\n\n\n<p class=\"has-text-align-center has-text-color\" style=\"color:#18286e\"><span style=\"color: #18286e;\">Ausarbeiten von Konzepten f\u00fcr die <\/span>Optimierung ihrer Prozesse<\/p>\n\n\n\n<p class=\"has-text-align-center has-text-color\" style=\"color:#18286e\">Umsetzungsvorschl\u00e4ge f\u00fcr eine zuk\u00fcnftige <span style=\"color: #18286e;\">IT Architektur<\/span><\/p>\n\n\n\n<hr class=\"wp-block-separator has-text-color has-white-color has-alpha-channel-opacity has-white-background-color has-background is-style-wide\"\/>\n\n\n\n<p><\/p>\n\n\n\n<h4 class=\"wp-block-heading has-text-align-center\"><span style=\"color: #18286e;\">Softwareevaluierung (z.B. ERP, CRM, BI)<\/span><\/h4>\n\n\n\n<p class=\"has-text-align-center has-text-color\" style=\"color:#18286e\"><span style=\"color: #18286e;\">Analyse der bestehenden Prozessanforderungen und Zielsetzungen<\/span><\/p>\n\n\n\n<p class=\"has-text-align-center has-text-color\" style=\"color:#18286e\"><span style=\"color: #18286e;\">Erstellung eines Lastenheftes<\/span> und Anforderungskatalogs<\/p>\n\n\n\n<p class=\"has-text-align-center has-text-color\" style=\"color:#18286e\"><span style=\"color: #18286e;\">Erarbeiten einer Selektionsmatrix f\u00fcr eine Produkt- und L\u00f6sungsauswahl<\/span><\/p>\n\n\n\n<p class=\"has-text-align-center has-text-color\" style=\"color:#18286e\"><span style=\"color: #18286e;\">Lieferantenevaluierung<\/span><\/p>\n\n\n\n<p class=\"has-text-align-center has-text-color\" style=\"color:#18286e\"><span style=\"color: #18286e;\">Betreuung und Koordination w\u00e4hrend der Implementierung<\/span><\/p>\n\n\n\n<p class=\"has-text-align-center has-text-color\" style=\"color:#18286e\"><\/p>\n\n\n\n<hr class=\"wp-block-separator has-text-color has-white-color has-alpha-channel-opacity has-white-background-color has-background is-style-wide\"\/>\n\n\n\n<h4 class=\"wp-block-heading has-text-align-center\"><span style=\"color: #18286e;\">IT Management | Interimsmanagement | Projektleitung<\/span><\/h4>\n\n\n\n<p class=\"has-text-align-center has-text-color\" style=\"color:#18286e\"><span style=\"color: #18286e;\">Projektleitung, Betreuung und Koordination <\/span>von IT Projekten<\/p>\n\n\n\n<p class=\"has-text-align-center has-text-color\" style=\"color:#18286e\"><span style=\"color: #18286e;\">Punktuelle und tempor\u00e4re Unterst\u00fctzung in der Betriebsf\u00fchrung | Mitarbeiterf\u00fchrung<\/span><\/p>\n\n\n\n<p class=\"has-text-align-center has-text-color\" style=\"color:#18286e\"><span style=\"color: #18286e;\">Beratung der internen IT Organisation<\/span><\/p>\n\n\n\n<p class=\"has-text-align-center has-text-color\" style=\"color:#18286e\"><span style=\"color: #18286e;\">Prozessanalyse und -verbesserung<\/span><\/p>\n\n\n\n<p class=\"has-text-align-center has-text-color\" style=\"color:#18286e\"><span style=\"color: #18286e;\">Management auf Zeit<br><\/span><span style=\"color: #ffffff;\">.<\/span><\/p>\n\n\n\n<p class=\"has-text-align-center has-text-color\" style=\"color:#18286e\"><span style=\"color: #ffffff;\">.<\/span><\/p>\n\n\n\n<p><\/p>\n\n\n\n<p class=\"has-text-align-center\"><span style=\"color: #18286e;\">Gerne stimmen wir Ihre Anforderungen konkret in einem <strong>kostenlosen<\/strong> Erstgespr\u00e4ch gemeinsam ab.<\/span><\/p>\n","protected":false},"excerpt":{"rendered":"<p>&nbsp; CONSULT-IT ber\u00e4t \u00fcbergreifend und produktunabh\u00e4ngig in allen wichtigen Bereichen der IT.So k\u00f6nnen wir gemeinsam mit Ihnen passende L\u00f6sungen entwerfen (planen), entwickeln (bauen) und umsetzen (betreiben). In folgenden Bereichen bieten &#8230;<\/p>\n","protected":false},"author":1,"featured_media":0,"parent":0,"menu_order":7,"comment_status":"closed","ping_status":"closed","template":"","meta":{"footnotes":""},"class_list":["post-8","page","type-page","status-publish","hentry"],"_links":{"self":[{"href":"https:\/\/www.consult-it.at\/index.php?rest_route=\/wp\/v2\/pages\/8","targetHints":{"allow":["GET"]}}],"collection":[{"href":"https:\/\/www.consult-it.at\/index.php?rest_route=\/wp\/v2\/pages"}],"about":[{"href":"https:\/\/www.consult-it.at\/index.php?rest_route=\/wp\/v2\/types\/page"}],"author":[{"embeddable":true,"href":"https:\/\/www.consult-it.at\/index.php?rest_route=\/wp\/v2\/users\/1"}],"replies":[{"embeddable":true,"href":"https:\/\/www.consult-it.at\/index.php?rest_route=%2Fwp%2Fv2%2Fcomments&post=8"}],"version-history":[{"count":30,"href":"https:\/\/www.consult-it.at\/index.php?rest_route=\/wp\/v2\/pages\/8\/revisions"}],"predecessor-version":[{"id":1090,"href":"https:\/\/www.consult-it.at\/index.php?rest_route=\/wp\/v2\/pages\/8\/revisions\/1090"}],"wp:attachment":[{"href":"https:\/\/www.consult-it.at\/index.php?rest_route=%2Fwp%2Fv2%2Fmedia&parent=8"}],"curies":[{"name":"wp","href":"https:\/\/api.w.org\/{rel}","templated":true}]}}